{"id":504,"date":"2020-03-15T10:09:06","date_gmt":"2020-03-15T09:09:06","guid":{"rendered":"https:\/\/www.ursulakaufmann.de\/?page_id=504"},"modified":"2021-07-28T08:18:19","modified_gmt":"2021-07-28T06:18:19","slug":"ausstellungen-publikationen-mobile","status":"publish","type":"page","link":"https:\/\/www.ursulakaufmann.de\/?page_id=504","title":{"rendered":"Ausstellungen &#038; Publikationen &#8211; mobile"},"content":{"rendered":"<div class=\"page_title\">Ausstellungen &amp; Publikationen<\/div>\n<div><\/div>\n<div>\n<p><span style=\"color: #ffffff; font-size: 12pt;\">Ausstellungen \/ Expositions<\/span><\/p>\n<p><a href=\"https:\/\/www.ursulakaufmann.de\/pdf\/soir\u00e9e Pina Bausch_danse_visite.pdf\"><img loading=\"lazy\" decoding=\"async\" class=\"alignnone wp-image-860 size-full\" src=\"https:\/\/www.ursulakaufmann.de\/wp-content\/uploads\/2021\/05\/soiree-Pina-Bausch_danse_visite_11.06.jpg\" alt=\"\" width=\"280\" height=\"396\" srcset=\"https:\/\/www.ursulakaufmann.de\/wp-content\/uploads\/2021\/05\/soiree-Pina-Bausch_danse_visite_11.06.jpg 280w, https:\/\/www.ursulakaufmann.de\/wp-content\/uploads\/2021\/05\/soiree-Pina-Bausch_danse_visite_11.06-212x300.jpg 212w, https:\/\/www.ursulakaufmann.de\/wp-content\/uploads\/2021\/05\/soiree-Pina-Bausch_danse_visite_11.06-17x24.jpg 17w, https:\/\/www.ursulakaufmann.de\/wp-content\/uploads\/2021\/05\/soiree-Pina-Bausch_danse_visite_11.06-25x36.jpg 25w, https:\/\/www.ursulakaufmann.de\/wp-content\/uploads\/2021\/05\/soiree-Pina-Bausch_danse_visite_11.06-34x48.jpg 34w\" sizes=\"auto, (max-width: 280px) 100vw, 280px\" \/><\/a><\/p>\n<p><a href=\"https:\/\/www.ursulakaufmann.de\/wp-content\/uploads\/2021\/04\/totem_hall.jpg\"><img loading=\"lazy\" decoding=\"async\" class=\"alignnone wp-image-826\" src=\"https:\/\/www.ursulakaufmann.de\/wp-content\/uploads\/2021\/04\/totem_hall.jpg\" alt=\"\" width=\"240\" height=\"335\" srcset=\"https:\/\/www.ursulakaufmann.de\/wp-content\/uploads\/2021\/04\/totem_hall.jpg 651w, https:\/\/www.ursulakaufmann.de\/wp-content\/uploads\/2021\/04\/totem_hall-215x300.jpg 215w, https:\/\/www.ursulakaufmann.de\/wp-content\/uploads\/2021\/04\/totem_hall-17x24.jpg 17w, https:\/\/www.ursulakaufmann.de\/wp-content\/uploads\/2021\/04\/totem_hall-26x36.jpg 26w, https:\/\/www.ursulakaufmann.de\/wp-content\/uploads\/2021\/04\/totem_hall-34x48.jpg 34w\" sizes=\"auto, (max-width: 240px) 100vw, 240px\" \/><\/a><\/p>\n<p><a href=\"https:\/\/www.ursulakaufmann.de\/wp-content\/uploads\/2020\/05\/Affiche-URSULA-KAUFMANN-Pina-Bausch-actualise\u0301e_sm..jpg\"><img loading=\"lazy\" decoding=\"async\" class=\"alignnone wp-image-551\" src=\"https:\/\/www.ursulakaufmann.de\/wp-content\/uploads\/2020\/05\/Affiche-URSULA-KAUFMANN-Pina-Bausch-actualise\u0301e_sm..jpg\" alt=\"\" width=\"240\" height=\"339\" srcset=\"https:\/\/www.ursulakaufmann.de\/wp-content\/uploads\/2020\/05\/Affiche-URSULA-KAUFMANN-Pina-Bausch-actualise\u0301e_sm..jpg 849w, https:\/\/www.ursulakaufmann.de\/wp-content\/uploads\/2020\/05\/Affiche-URSULA-KAUFMANN-Pina-Bausch-actualise\u0301e_sm.-212x300.jpg 212w, https:\/\/www.ursulakaufmann.de\/wp-content\/uploads\/2020\/05\/Affiche-URSULA-KAUFMANN-Pina-Bausch-actualise\u0301e_sm.-724x1024.jpg 724w, https:\/\/www.ursulakaufmann.de\/wp-content\/uploads\/2020\/05\/Affiche-URSULA-KAUFMANN-Pina-Bausch-actualise\u0301e_sm.-768x1086.jpg 768w\" sizes=\"auto, (max-width: 240px) 100vw, 240px\" \/><\/a><\/p>\n<div class=\"txt_block\"><span style=\"font-family: helvetica, arial, sans-serif; color: #dedede;\">Kulturfabrik Heeder, Krefeld &#8211; FolkwangHochschule, Essen &#8211; Kunstpavillion der Stadt Essen &#8211; Alti-Theater in Kyoto\/Japan &#8211; Goethe-Institut in Kyoto\/Japan &#8211; Aaltotheater Essen &#8211; Internationale Hertener Fototage &#8211; theatermuseum der Landeshauptstadt d\u00fcsseldorf &#8211; tanzhaus nrw, D\u00fcsseldorf &#8211; Galerie in Berlin &#8211; St\u00e4dtische Galerie Neuss &#8211; Wanderausstellung des Goethe-Instituts in verschiedenen L\u00e4ndern &#8211; Rathaus Dortmund &#8211; Museum Morsbroich Leverkusen &#8211; EXPO Hannover &#8211; Brotfabrik Bonn &#8211; Landtag NRW, D\u00fcsseldorf &#8211; Praxis Central, Essen &#8211; PAN kunstforum niederrhein, Emmerich &#8211; Cubus kunsthalle, Duisburg &#8211; Ciragan Palace Kempinski, Istanbul (Kulturhauptstadt 2010) &#8211; St\u00e4dtische Galerie im Park, Viersen &#8211; Goethe Instiut Bordeaux (2020)<\/span><\/div>\n<div><\/div>\n<ul style=\"list-style-type: square;\">\n<li><span style=\"color: #dedede;\"><span style=\"color: #dedede;\"><a href=\"https:\/\/www.pixelprojekt-ruhrgebiet.de\/fotograf\/ursula-kaufmann\" target=\"_blank\" rel=\"noopener noreferrer\">Pixelprojekt Ruhrgebiet<\/a>.<\/span><\/span><\/li>\n<li><span style=\"color: #dedede;\"><a href=\"https:\/\/www.waz.de\/staedte\/velbert\/ursula-kaufmann-stellt-im-alldie-kunsthaus-langenberg-aus-id213189523.html\" target=\"_blank\" rel=\"noopener noreferrer\">Ursula Kaufmann stellt im Alldie-Kunsthaus Langenberg aus<\/a>. (WAZ)<\/span><\/li>\n<\/ul>\n<div class=\"txt_block\">\n<p><span style=\"color: #ffffff; font-size: 14pt;\">Publikationen \/ Publications<\/span><\/p>\n<ul style=\"list-style-type: square;\">\n<li><span style=\"color: #dedede;\">DuMont, Pina Bausch-Kalender 2020 [<a href=\"https:\/\/www.dumontkalender.de\/pina-bausch-tanztheater-wuppertal-2020-kalender.html\" target=\"_blank\" rel=\"noopener noreferrer\">Klicken Sie hier<\/a>]<\/span><\/li>\n<li><span style=\"color: #dedede;\">DuMont, Pina Bausch-Kalender 2019 [<a href=\"https:\/\/www.dumontkalender.de\/pina-bausch-tanztheater-wuppertal-2019-kalender.html\" target=\"_blank\" rel=\"noopener noreferrer\">Klicken Sie hier<\/a>]<\/span><\/li>\n<li><span style=\"color: #dedede;\">DuMont, Pina Bausch-Kalender 2018 [<a href=\"https:\/\/www.dumontkalender.de\/pina-bausch-tanztheater-wuppertal-2018-kalender.html\" target=\"_blank\" rel=\"noopener noreferrer\">Klicken Sie hier<\/a>]<\/span><\/li>\n<li><span style=\"color: #dedede;\">DuMont, Pina Bausch-Kalender 2017 [<a href=\"https:\/\/www.dumontkalender.de\/pina-bausch-tanztheater-wuppertal-2017-kalender.html\" target=\"_blank\" rel=\"noopener noreferrer\">Klicken Sie hier<\/a>]<\/span><\/li>\n<li><span style=\"color: #dedede;\">DuMont, Pina Bausch-Kalender 2016 [<a href=\"https:\/\/www.dumontkalender.de\/pina-bausch-tanztheater-wuppertal-2016-kalender.html\" target=\"_blank\" rel=\"noopener noreferrer\">Klicken Sie hier<\/a>]<\/span><\/li>\n<li><span style=\"color: #dedede;\">DuMont, Pina Bausch-Kalender 2015 [<a href=\"https:\/\/www.dumontkalender.de\/pina-bausch-tanztheater-wuppertal-2015-kalender.html\" target=\"_blank\" rel=\"noopener noreferrer\">Klicken Sie hier<\/a>]<\/span><\/li>\n<li><span style=\"color: #dedede;\">DuMont, Pina Bausch-Kalender 2014 [<a href=\"https:\/\/www.dumontkalender.de\/pina-bausch-tanztheater-wuppertal-2014-kalender.html\" target=\"_blank\" rel=\"noopener noreferrer\">Klicken Sie hier<\/a>]<\/span><\/li>\n<li><span style=\"color: #dedede;\">Edition Panorama | Ursula Kaufmann: Pina Bausch und das Tanztheater Wuppertal [Klicken Sie hier]<\/span><\/li>\n<li><span style=\"color: #dedede;\">DuMont, Pina Bausch-Kalender 2010, 2011, 2012, 2013<\/span><\/li>\n<li><span style=\"color: #dedede;\">EDITIONPANORAMA, Pina Bausch-Gro\u00dfformatkalender<\/span><\/li>\n<li><span style=\"color: #dedede;\">&#8222;getanzte augenblicke&#8220; ursula kaufmann fotografiert pina bausch und das tanztheater wuppertal, <\/span><span style=\"color: #dedede;\">Verlag M\u00fcller und Busmann (2005)<\/span><\/li>\n<li><span style=\"color: #dedede;\">Ruhrtriennale 02\/03\/04 &#8211; \/ Klartextverlag<\/span><\/li>\n<li><span style=\"color: #dedede;\">&#8222;ursula kaufmann fotografiert \u2013pina bausch nur du- und das tanztheater wuppertal\u201c, Verlag M\u00fcller + Busmann (1998)<\/span><\/li>\n<li><span style=\"color: #dedede;\">&#8222;ursula kaufmann fotografiert pina bausch und das tanztheater wuppertal\u201c, Verlag M\u00fcller + Busmann (2002)<\/span><\/li>\n<li><span style=\"color: #dedede;\">&#8222;Tanztheater heute. Drei\u00dfig Jahre deutsche Tanzgeschichte\u201c (Katalog mit englischer, franz\u00f6sischer und spanischer \u00dcbversetzung) zur gleichnamigen Ausstellung des Goethe-Instituts \/ Verlag Kallmeyer<\/span><\/li>\n<li><span style=\"color: #dedede;\">&#8222;Tanz-Lese\u201c Eine Geschichte des Tanzes in Essen \/ Klartextverlag<\/span><\/li>\n<li><span style=\"color: #dedede;\">&#8222;Tanzland Nordrhein-Westfalen\u201c<\/span><\/li>\n<li><span style=\"color: #dedede;\">&#8222;Ruhrstadt, die andere Metropole\u201c \/ Klartextverlag<\/span><\/li>\n<li><span style=\"color: #dedede;\">&#8222;Frauen sehen Frauen\u201c \/ Verlag Schirmer u. Mosel<\/span><\/li>\n<li><span style=\"color: #dedede;\">&#8222;Tanzgeschichte des 20. Jahrhunderts\u201c \/ Verlag Henschel<\/span><\/li>\n<li><span style=\"color: #dedede;\">Pina Bausch-Tanzkalender, DUMONT-Verlag, 2004,2005,2006, 2007,2008,2009<\/span><\/li>\n<li><span style=\"color: #dedede;\">In zahlreichen Programmen und Katalogen zum Tanz (u.a. in Programmen des Tanztheaters Wuppertal Pina Bausch)<\/span><\/li>\n<\/ul>\n<\/div>\n<div class=\"txt_block\"><span style=\"color: #ffffff; font-size: 14pt;\">Ver\u00f5ffentlichungen in \/ Publications in<\/span><\/div>\n<div><\/div>\n<div class=\"txt_block\"><span style=\"color: #dedede;\">Le Monde &#8211; NY Times &#8211; ballettanz &#8211; Tanzjournal &#8211; ballett intern &#8211; FAZ &#8211; Frankfurter Rundschau &#8211; <\/span><span style=\"color: #dedede;\">Die Welt &#8211; S\u00fcddeutsche Zeitung &#8211; Rheinische Post &#8211; Stuttgarter Zeitung &#8211; Spiegel &#8211; WAZ &#8211; NRZ<\/span><br \/>\n<span style=\"color: #dedede;\">Die Deutsche B\u00fchne &#8211; Theaterheute &#8211; Die Zeit &#8211; Handelsblatt &#8211; K\u00f6lner Stadtanzeiger &#8211; Berliner <\/span><span style=\"color: #dedede;\">Morgenpost &#8211; taz &#8211; Le Figaro &#8211; El Pais<\/span><\/div>\n<\/div>\n","protected":false},"excerpt":{"rendered":"<p>Ausstellungen &amp; Publikationen Ausstellungen \/ Expositions Kulturfabrik Heeder, Krefeld &#8211; FolkwangHochschule, Essen &#8211; Kunstpavillion der Stadt Essen &#8211; Alti-Theater in Kyoto\/Japan &#8211; Goethe-Institut in Kyoto\/Japan &#8211; Aaltotheater Essen &#8211; Internationale Hertener Fototage &#8211; theatermuseum der Landeshauptstadt d\u00fcsseldorf &#8211; tanzhaus nrw, D\u00fcsseldorf &#8211; Galerie in Berlin &#8211; St\u00e4dtische Galerie Neuss &#8211; Wanderausstellung des Goethe-Instituts in verschiedenen &hellip; <a href=\"https:\/\/www.ursulakaufmann.de\/?page_id=504\" class=\"more-link\"><span class=\"screen-reader-text\">Ausstellungen &#038; Publikationen &#8211; mobile<\/span> weiterlesen <span class=\"meta-nav\">&rarr;<\/span><\/a><\/p>\n","protected":false},"author":1,"featured_media":0,"parent":0,"menu_order":0,"comment_status":"closed","ping_status":"closed","template":"","meta":{"footnotes":"","_links_to":"","_links_to_target":""},"class_list":["post-504","page","type-page","status-publish","hentry"],"_links":{"self":[{"href":"https:\/\/www.ursulakaufmann.de\/index.php?rest_route=\/wp\/v2\/pages\/504","targetHints":{"allow":["GET"]}}],"collection":[{"href":"https:\/\/www.ursulakaufmann.de\/index.php?rest_route=\/wp\/v2\/pages"}],"about":[{"href":"https:\/\/www.ursulakaufmann.de\/index.php?rest_route=\/wp\/v2\/types\/page"}],"author":[{"embeddable":true,"href":"https:\/\/www.ursulakaufmann.de\/index.php?rest_route=\/wp\/v2\/users\/1"}],"replies":[{"embeddable":true,"href":"https:\/\/www.ursulakaufmann.de\/index.php?rest_route=%2Fwp%2Fv2%2Fcomments&post=504"}],"version-history":[{"count":0,"href":"https:\/\/www.ursulakaufmann.de\/index.php?rest_route=\/wp\/v2\/pages\/504\/revisions"}],"wp:attachment":[{"href":"https:\/\/www.ursulakaufmann.de\/index.php?rest_route=%2Fwp%2Fv2%2Fmedia&parent=504"}],"curies":[{"name":"wp","href":"https:\/\/api.w.org\/{rel}","templated":true}]}}