{"id":41,"date":"2020-02-08T10:36:34","date_gmt":"2020-02-08T09:36:34","guid":{"rendered":"https:\/\/www.ursulakaufmann.de\/temp\/?page_id=41"},"modified":"2021-04-02T14:19:17","modified_gmt":"2021-04-02T12:19:17","slug":"kontakt","status":"publish","type":"page","link":"https:\/\/www.ursulakaufmann.de\/?page_id=41","title":{"rendered":"Kontakt"},"content":{"rendered":"<div class=\"page_title\">Kontakt<\/div>\n<div><\/div>\n<div id=\"contact\">\n<div><div class=\"su-row\"><div class=\"su-column su-column-size-1-2\"><div class=\"su-column-inner su-u-clearfix su-u-trim\">\n<span style=\"color: #dedede;\">Ursula Kaufmannn<\/span><br \/>\n<span style=\"color: #dedede;\">Albrechtstra\u00dfe 19<\/span><br \/>\n<span style=\"color: #dedede;\">45130 Essen \/ Germanyy<\/span><br \/>\n<span style=\"color: #dedede;\">E-mail: <a href=\"mailto:foto.kaufmann@gmx.de\">foto.kaufmann@gmx.de<\/a><\/span><br \/>\n<span style=\"color: #dedede;\">Telefon \/ Phone: (+49) 201 780 311<\/span><\/div>\n<div><\/div>\n<p>&nbsp;<\/p>\n<div>\n<p><span style=\"color: #dedede;\">Urheber-Info: Die Website www.ursulakaufmann.de und die auf ihr gezeigten Fotos sind urheberrechtlich gesch\u00fctzt. Alle Urheberrechte der abgebildeten Fotos liegen bei Ursula Kaufmann. Jegliche Nutzung der Fotos ohne ausdr\u00fcckliche Genehmigung des Rechteinhabers ist untersagt! Bei Interesse an einzelnen Fotos setzen Sie sich bitte mit mir in Verbindung. Das Copyright gilt auch f\u00fcr Texte auf der Website www.ursulakaufmann.de<\/span><span style=\"color: #dedede;\">Haftungshinweis: Es wird keine Haftung f\u00fcr den Inhalt externer Links \u00fcbernommen. F\u00fcr den Inhalt der verlinkten Seiten sind ausschlie\u00dflich deren Betreiber verantwortlich.<\/span><span style=\"color: #dedede;\">Auf der Seite &#8222;Themen&#8220; sind T\u00e4nzer, Choreografen, Regisseure, Schauspieler und Operns\u00e4nger aufgelistet, deren Arbeiten Ursula Kaufmann fotografiert hat. Wenn Sie Fotos bestellen m\u00f6chten, setzen Sie sich bitte mit Ursula Kaufmann via E-Mail in Verbindung..<\/span><\/p>\n<p><span style=\"color: #dedede;\">On the page &#8222;Subjects&#8220; you will find a list of several of the companies of whose work Ursula Kaufmann has made photos of. if you would like to order photos or if you would like to find out more about the photos made of your company, please contact Ursula Kaufmann through email.<\/span><\/div><\/div> <div class=\"su-column su-column-size-1-2\"><div class=\"su-column-inner su-u-clearfix su-u-trim\"><img loading=\"lazy\" decoding=\"async\" class=\"alignnone size-full wp-image-301\" src=\"https:\/\/www.ursulakaufmann.de\/temp\/wp-content\/uploads\/2020\/03\/image_contact.jpg\" alt=\"\" width=\"400\" height=\"600\" srcset=\"https:\/\/www.ursulakaufmann.de\/wp-content\/uploads\/2020\/03\/image_contact.jpg 400w, https:\/\/www.ursulakaufmann.de\/wp-content\/uploads\/2020\/03\/image_contact-200x300.jpg 200w\" sizes=\"auto, (max-width: 400px) 100vw, 400px\" \/><\/div><\/div><\/div>\n<\/div>\n<\/div>\n","protected":false},"excerpt":{"rendered":"<p>Kontakt<\/p>\n","protected":false},"author":1,"featured_media":0,"parent":0,"menu_order":0,"comment_status":"closed","ping_status":"closed","template":"page-templates\/full-width.php","meta":{"footnotes":"","_links_to":"","_links_to_target":""},"class_list":["post-41","page","type-page","status-publish","hentry"],"_links":{"self":[{"href":"https:\/\/www.ursulakaufmann.de\/index.php?rest_route=\/wp\/v2\/pages\/41","targetHints":{"allow":["GET"]}}],"collection":[{"href":"https:\/\/www.ursulakaufmann.de\/index.php?rest_route=\/wp\/v2\/pages"}],"about":[{"href":"https:\/\/www.ursulakaufmann.de\/index.php?rest_route=\/wp\/v2\/types\/page"}],"author":[{"embeddable":true,"href":"https:\/\/www.ursulakaufmann.de\/index.php?rest_route=\/wp\/v2\/users\/1"}],"replies":[{"embeddable":true,"href":"https:\/\/www.ursulakaufmann.de\/index.php?rest_route=%2Fwp%2Fv2%2Fcomments&post=41"}],"version-history":[{"count":0,"href":"https:\/\/www.ursulakaufmann.de\/index.php?rest_route=\/wp\/v2\/pages\/41\/revisions"}],"wp:attachment":[{"href":"https:\/\/www.ursulakaufmann.de\/index.php?rest_route=%2Fwp%2Fv2%2Fmedia&parent=41"}],"curies":[{"name":"wp","href":"https:\/\/api.w.org\/{rel}","templated":true}]}}