{"id":37,"date":"2020-02-08T10:35:26","date_gmt":"2020-02-08T09:35:26","guid":{"rendered":"https:\/\/www.ursulakaufmann.de\/temp\/?page_id=37"},"modified":"2021-04-02T14:20:01","modified_gmt":"2021-04-02T12:20:01","slug":"themen","status":"publish","type":"page","link":"https:\/\/www.ursulakaufmann.de\/?page_id=37","title":{"rendered":"Themen"},"content":{"rendered":"<div class=\"page_title\">Themen<\/div>\n<div><\/div>\n<div><img loading=\"lazy\" decoding=\"async\" class=\"alignnone wp-image-778 size-full\" src=\"https:\/\/www.ursulakaufmann.de\/wp-content\/uploads\/2021\/04\/themen_new.jpg\" alt=\"\" width=\"1240\" height=\"206\" srcset=\"https:\/\/www.ursulakaufmann.de\/wp-content\/uploads\/2021\/04\/themen_new.jpg 1240w, https:\/\/www.ursulakaufmann.de\/wp-content\/uploads\/2021\/04\/themen_new-300x50.jpg 300w, https:\/\/www.ursulakaufmann.de\/wp-content\/uploads\/2021\/04\/themen_new-1024x170.jpg 1024w, https:\/\/www.ursulakaufmann.de\/wp-content\/uploads\/2021\/04\/themen_new-768x128.jpg 768w, https:\/\/www.ursulakaufmann.de\/wp-content\/uploads\/2021\/04\/themen_new-24x4.jpg 24w, https:\/\/www.ursulakaufmann.de\/wp-content\/uploads\/2021\/04\/themen_new-36x6.jpg 36w, https:\/\/www.ursulakaufmann.de\/wp-content\/uploads\/2021\/04\/themen_new-48x8.jpg 48w\" sizes=\"auto, (max-width: 1240px) 100vw, 1240px\" \/><\/div>\n<div><\/div>\n<div>\n<p><span style=\"font-size: 14pt; color: #999999; font-family: helvetica, arial, sans-serif;\">Eine Auswahl \/ a selection<\/span><\/p>\n<p><span style=\"font-family: helvetica, arial, sans-serif; font-size: 14pt; color: #ffffff;\"><span style=\"color: #e6e6e6;\">Tarek Assam Eun Me Ahn Samir Akika Cecilia Bartoli Pina Bausch Sven-Eric Bechtolf Maurice Bejart Mnozil Brass Peter Brook Christine Brunel Ze Celso Rober<\/span>to <span style=\"color: #e6e6e6;\">Ciulli Leonard Cruz Urs Dietrich Mats Ek Jo Fabian J\u00fcrgen Flimm Ulrike Folkerts La Fura dels Baus Ulla Geiges Daniel Goldin Suna G\u00f6nc\u00fc Katrin Hall Thomas Hauert Alvis Hermanis Angie Hiesl Reinhild Hoffmann Raimund Hoghe Henrietta Horn Nina Hoss Lin Hwai-min Kim Itho Kurt Jooss Avi Kaiser Birgit Keil Adriana Kocijan Johann Kresnik Daniela Kurz Rodolpho Leoni Susanne Linke Vladimir Malakhov Royston Maldoom Hans van Manen Guido Markowitz Michele Anne de Mey Ariane Mnouchkine Tobias Moretti Josef Nadj Dyane Neiman Anna Netrebko Hans Neuenfels John Neumeier Alain Platel Olga Pona Manuel Quero Hans Michael Rehberg Ben J. Riepe Felix Ruckert Vera Sander Bernd Schindowski Joachim Schl\u00f6mer Uwe Scholz Heidrun Schwaarz Polina Semionova Mark Sieczkarek Peter Simonischek Johan Simons Patti Smith Kristine Sommerlade Heinz Spoerli Christian Spuck Gabrielle Staiger Barbara Sukowa Jochen Ulrich Wim Vandekeybus Rolando Villazon Helena Waldmann Juschka Weigel Richard Wherlock Katja F.M. Wolf Gregor Z\u00f6llig<\/span><\/span><\/p>\n<\/div>\n","protected":false},"excerpt":{"rendered":"<p>Themen Eine Auswahl \/ a selection Tarek Assam Eun Me Ahn Samir Akika Cecilia Bartoli Pina Bausch Sven-Eric Bechtolf Maurice Bejart Mnozil Brass Peter Brook Christine Brunel Ze Celso Roberto Ciulli Leonard Cruz Urs Dietrich Mats Ek Jo Fabian J\u00fcrgen Flimm Ulrike Folkerts La Fura dels Baus Ulla Geiges Daniel Goldin Suna G\u00f6nc\u00fc Katrin Hall &hellip; <a href=\"https:\/\/www.ursulakaufmann.de\/?page_id=37\" class=\"more-link\"><span class=\"screen-reader-text\">Themen<\/span> weiterlesen <span class=\"meta-nav\">&rarr;<\/span><\/a><\/p>\n","protected":false},"author":1,"featured_media":0,"parent":0,"menu_order":0,"comment_status":"closed","ping_status":"closed","template":"page-templates\/full-width.php","meta":{"footnotes":"","_links_to":"","_links_to_target":""},"class_list":["post-37","page","type-page","status-publish","hentry"],"_links":{"self":[{"href":"https:\/\/www.ursulakaufmann.de\/index.php?rest_route=\/wp\/v2\/pages\/37","targetHints":{"allow":["GET"]}}],"collection":[{"href":"https:\/\/www.ursulakaufmann.de\/index.php?rest_route=\/wp\/v2\/pages"}],"about":[{"href":"https:\/\/www.ursulakaufmann.de\/index.php?rest_route=\/wp\/v2\/types\/page"}],"author":[{"embeddable":true,"href":"https:\/\/www.ursulakaufmann.de\/index.php?rest_route=\/wp\/v2\/users\/1"}],"replies":[{"embeddable":true,"href":"https:\/\/www.ursulakaufmann.de\/index.php?rest_route=%2Fwp%2Fv2%2Fcomments&post=37"}],"version-history":[{"count":0,"href":"https:\/\/www.ursulakaufmann.de\/index.php?rest_route=\/wp\/v2\/pages\/37\/revisions"}],"wp:attachment":[{"href":"https:\/\/www.ursulakaufmann.de\/index.php?rest_route=%2Fwp%2Fv2%2Fmedia&parent=37"}],"curies":[{"name":"wp","href":"https:\/\/api.w.org\/{rel}","templated":true}]}}